{"id":97,"date":"2025-06-28T18:04:12","date_gmt":"2025-06-28T22:04:12","guid":{"rendered":"https:\/\/dev.corafranchise.com\/wpcorafranchise\/?page_id=97"},"modified":"2025-08-12T11:48:57","modified_gmt":"2025-08-12T15:48:57","slug":"temoignages","status":"publish","type":"page","link":"https:\/\/www.corafranchise.com\/fr\/testimonials\/","title":{"rendered":"T\u00e9moignages"},"content":{"rendered":"<section class=\"wp-block-group has-global-padding is-layout-constrained wp-container-core-group-is-layout-faec280d wp-block-group-is-layout-constrained\" style=\"margin-top:0;margin-bottom:0;padding-top:var(--wp--preset--spacing--60);padding-right:var(--wp--preset--spacing--60);padding-bottom:var(--wp--preset--spacing--60);padding-left:var(--wp--preset--spacing--60)\">\n<div class=\"wp-block-group has-global-padding is-layout-constrained wp-container-core-group-is-layout-3abf93f6 wp-block-group-is-layout-constrained\" style=\"padding-top:var(--wp--preset--spacing--50)\">\n<h1 class=\"wp-block-heading has-text-align-center has-custom-orange-cora-cora-color has-text-color has-link-color has-large-font-size wp-elements-a4d2872f46742e83f556493b81fff6f3\">T\u00e9moignages<\/h1>\n\n\n\n<div class=\"wp-block-group has-global-padding is-layout-constrained wp-container-core-group-is-layout-73e74841 wp-block-group-is-layout-constrained\">\n<h2 class=\"wp-block-heading has-text-align-center\">Rencontre nos franchis\u00e9s<\/h2>\n\n\n\n<p class=\"has-text-align-center is-style-text-subtitle is-style-text-subtitle--1\">Tu h\u00e9sites encore ? D\u00e9couvre ce que certains de nos franchis\u00e9s disent de l\u2019exp\u00e9rience Cora.<\/p>\n<\/div>\n<\/div>\n<\/section>\n\n\n\n<section id=\"t4\" class=\"wp-block-group has-base-color has-text-color has-background has-link-color wp-elements-1f336f4a9cd86c0d08a0dc6dc6f8f41a has-global-padding is-layout-constrained wp-container-core-group-is-layout-5c059906 wp-block-group-is-layout-constrained\" style=\"background:linear-gradient(0deg,rgb(249,157,47) 57%,rgb(255,255,255) 57%);margin-top:0;margin-bottom:0;padding-top:0;padding-right:var(--wp--preset--spacing--60);padding-bottom:var(--wp--preset--spacing--60);padding-left:var(--wp--preset--spacing--60)\">\n<div class=\"wp-block-group overflow-hidden has-global-padding is-layout-constrained wp-block-group-is-layout-constrained\" style=\"border-radius:1rem;padding-top:0px;padding-bottom:0px\">\n<figure class=\"wp-block-video pointer\"><video height=\"1080\" style=\"aspect-ratio: 1920 \/ 1080;\" width=\"1920\" controls poster=\"https:\/\/eqvtarqd8nk.exactdn.com\/wp-content\/uploads\/2025\/08\/prabh-cover.webp?strip=all\" src=\"https:\/\/www.corafranchise.com\/wp-content\/uploads\/2025\/08\/Prabh-testimonial_V4_FR.webm\" playsinline><\/video><\/figure>\n<\/div>\n\n\n\n<div class=\"wp-block-group has-global-padding is-layout-constrained wp-container-core-group-is-layout-19e250f3 wp-block-group-is-layout-constrained\">\n<p class=\"is-style-text-subtitle is-style-text-subtitle--2\" style=\"font-style:normal;font-weight:500\">Prabh Nagra<\/p>\n\n\n\n<p>Cora Evanston, AB<\/p>\n<\/div>\n<\/section>\n\n\n\n<section id=\"t1\" class=\"wp-block-group has-custom-orange-cora-cora-background-color has-background has-global-padding is-layout-constrained wp-container-core-group-is-layout-93844b0c wp-block-group-is-layout-constrained\" style=\"margin-top:0;margin-bottom:0;padding-top:var(--wp--preset--spacing--60);padding-right:var(--wp--preset--spacing--60);padding-bottom:var(--wp--preset--spacing--60);padding-left:var(--wp--preset--spacing--60)\">\n<div class=\"wp-block-group has-border-color has-custom-orange-cora-cora-ton-border-color has-base-color has-text-color has-link-color wp-elements-313af76d07fc49d88cdb434ec3253cc2 has-global-padding is-content-justification-center is-layout-constrained wp-container-core-group-is-layout-f7d72552 wp-block-group-is-layout-constrained\" style=\"border-width:2px;padding-top:var(--wp--preset--spacing--50);padding-right:var(--wp--preset--spacing--50);padding-bottom:var(--wp--preset--spacing--50);padding-left:var(--wp--preset--spacing--50)\">\n<figure class=\"wp-block-image size-medium is-resized has-custom-border\" style=\"margin-top:-132px\"><img decoding=\"async\" width=\"278\" height=\"300\" src=\"https:\/\/eqvtarqd8nk.exactdn.com\/wp-content\/uploads\/2025\/08\/Colbin-Circle-278x300.webp?strip=all\" alt=\"\" class=\"wp-image-1344\" style=\"border-style:none;border-width:0px;width:140px\" srcset=\"https:\/\/eqvtarqd8nk.exactdn.com\/wp-content\/uploads\/2025\/08\/Colbin-Circle-278x300.webp?strip=all 278w, https:\/\/eqvtarqd8nk.exactdn.com\/wp-content\/uploads\/2025\/08\/Colbin-Circle-11x12.webp?strip=all 11w, https:\/\/eqvtarqd8nk.exactdn.com\/wp-content\/uploads\/2025\/08\/Colbin-Circle.webp?strip=all 574w, https:\/\/eqvtarqd8nk.exactdn.com\/wp-content\/uploads\/2025\/08\/Colbin-Circle.webp?strip=all&amp;w=114 114w, https:\/\/eqvtarqd8nk.exactdn.com\/wp-content\/uploads\/2025\/08\/Colbin-Circle.webp?strip=all&amp;w=344 344w, https:\/\/eqvtarqd8nk.exactdn.com\/wp-content\/uploads\/2025\/08\/Colbin-Circle.webp?strip=all&amp;w=459 459w\" sizes=\"(max-width: 278px) 100vw, 278px\" \/><\/figure>\n\n\n\n<div class=\"wp-block-columns is-layout-flex wp-container-core-columns-is-layout-28f84493 wp-block-columns-is-layout-flex\">\n<div class=\"wp-block-column is-layout-flow wp-block-column-is-layout-flow\">\n<p>Cora est bien plus qu\u2019un concept de restauration : c\u2019est une v\u00e9ritable histoire de famille. La grande majorit\u00e9 des restaurants sont d\u00e9tenus et exploit\u00e9s localement par des familles engag\u00e9es dans leur communaut\u00e9. Nos heures d\u2019ouverture, de 6 h \u00e0 15 h, offrent un \u00e9quilibre travail-vie personnelle id\u00e9al pour les entrepreneurs et leurs proches.<\/p>\n<\/div>\n\n\n\n<div class=\"wp-block-column is-layout-flow wp-block-column-is-layout-flow\">\n<p>Gr\u00e2ce \u00e0 la force de notre r\u00e9seau de plus de 125 \u00e9tablissements, le si\u00e8ge social peut se concentrer sur l\u2019\u00e9volution du concept et la n\u00e9gociation de partenariats strat\u00e9giques. Cela permet aux franchis\u00e9s de se concentrer sur l\u2019essentiel : maximiser les revenus, ma\u00eetriser les d\u00e9penses et surpasser les attentes des clients.<\/p>\n<\/div>\n<\/div>\n\n\n\n<hr class=\"wp-block-separator has-text-color has-custom-orange-cora-cora-ton-color has-alpha-channel-opacity has-custom-orange-cora-cora-ton-background-color has-background\"\/>\n\n\n\n<div class=\"wp-block-group has-global-padding is-layout-constrained wp-container-core-group-is-layout-19e250f3 wp-block-group-is-layout-constrained\">\n<p class=\"is-style-text-subtitle is-style-text-subtitle--3\" style=\"font-style:normal;font-weight:500\">Colbin Wong<\/p>\n\n\n\n<p>Cora Robson, Colombie-Britannique<\/p>\n<\/div>\n<\/div>\n<\/section>\n\n\n\n<section id=\"t2\" class=\"wp-block-group has-custom-orange-cora-cora-background-color has-background has-global-padding is-content-justification-center is-layout-constrained wp-container-core-group-is-layout-ae4ac6e2 wp-block-group-is-layout-constrained\" style=\"margin-top:0;margin-bottom:0;padding-top:var(--wp--preset--spacing--60);padding-right:var(--wp--preset--spacing--60);padding-bottom:var(--wp--preset--spacing--60);padding-left:var(--wp--preset--spacing--60)\">\n<div class=\"wp-block-group has-border-color has-custom-orange-cora-cora-ton-border-color has-base-color has-text-color has-link-color wp-elements-9c42ce2fde5181efe451aa537f3ed95a has-global-padding is-layout-constrained wp-container-core-group-is-layout-ba3d759a wp-block-group-is-layout-constrained\" style=\"border-width:2px;padding-top:var(--wp--preset--spacing--50);padding-right:var(--wp--preset--spacing--50);padding-bottom:var(--wp--preset--spacing--50);padding-left:var(--wp--preset--spacing--50)\">\n<figure class=\"wp-block-image size-medium is-resized\" style=\"margin-top:-132px\"><img decoding=\"async\" width=\"278\" height=\"300\" src=\"https:\/\/eqvtarqd8nk.exactdn.com\/wp-content\/uploads\/2025\/08\/felicia-franchisee-2-278x300.webp?strip=all\" alt=\"\" class=\"wp-image-1349\" style=\"width:140px\" srcset=\"https:\/\/eqvtarqd8nk.exactdn.com\/wp-content\/uploads\/2025\/08\/felicia-franchisee-2-278x300.webp?strip=all 278w, https:\/\/eqvtarqd8nk.exactdn.com\/wp-content\/uploads\/2025\/08\/felicia-franchisee-2-949x1024.webp?strip=all 949w, https:\/\/eqvtarqd8nk.exactdn.com\/wp-content\/uploads\/2025\/08\/felicia-franchisee-2-768x829.webp?strip=all 768w, https:\/\/eqvtarqd8nk.exactdn.com\/wp-content\/uploads\/2025\/08\/felicia-franchisee-2-1423x1536.webp?strip=all 1423w, https:\/\/eqvtarqd8nk.exactdn.com\/wp-content\/uploads\/2025\/08\/felicia-franchisee-2-11x12.webp?strip=all 11w, https:\/\/eqvtarqd8nk.exactdn.com\/wp-content\/uploads\/2025\/08\/felicia-franchisee-2.webp?strip=all 1779w, https:\/\/eqvtarqd8nk.exactdn.com\/wp-content\/uploads\/2025\/08\/felicia-franchisee-2.webp?strip=all&amp;w=355 355w, https:\/\/eqvtarqd8nk.exactdn.com\/wp-content\/uploads\/2025\/08\/felicia-franchisee-2.webp?strip=all&amp;w=711 711w, https:\/\/eqvtarqd8nk.exactdn.com\/wp-content\/uploads\/2025\/08\/felicia-franchisee-2.webp?strip=all&amp;w=1067 1067w\" sizes=\"(max-width: 278px) 100vw, 278px\" \/><\/figure>\n\n\n\n<div class=\"wp-block-columns is-layout-flex wp-container-core-columns-is-layout-28f84493 wp-block-columns-is-layout-flex\">\n<div class=\"wp-block-column is-layout-flow wp-container-core-column-is-layout-f5bb311e wp-block-column-is-layout-flow\">\n<p class=\"has-text-align-left\">Faire partie de la famille Cora depuis 2008 a \u00e9t\u00e9 l\u2019un des parcours les plus enrichissants de ma vie. Immigrante arriv\u00e9e seule au Canada \u00e0 l\u2019\u00e2ge de 22 ans, je cherchais un sentiment d\u2019appartenance et un but. J\u2019ai trouv\u00e9 tout cela, et bien plus encore, chez Cora.<\/p>\n\n\n\n<p>J\u2019ai commenc\u00e9 comme serveuse, et j\u2019ai rapidement adh\u00e9r\u00e9 aux valeurs de travail acharn\u00e9 et de service attentionn\u00e9 qui font la renomm\u00e9e de l\u2019entreprise. Avec les ann\u00e9es, j\u2019ai gravi les \u00e9chelons jusqu\u2019\u00e0 devenir g\u00e9rante, puis, en 2012, j\u2019ai r\u00e9alis\u00e9 mon r\u00eave : devenir franchis\u00e9e.<\/p>\n\n\n\n<p>En 2019, j\u2019ai eu le privil\u00e8ge d\u2019ouvrir un deuxi\u00e8me restaurant \u2013 un jalon que je n\u2019aurais jamais pu atteindre sans le soutien du franchiseur et de tout le r\u00e9seau Cora.<\/p>\n<\/div>\n\n\n\n<div class=\"wp-block-column is-layout-flow wp-container-core-column-is-layout-f5bb311e wp-block-column-is-layout-flow\">\n<p class=\"has-text-align-left\">Cora repr\u00e9sente bien plus qu\u2019un emploi pour moi : c\u2019est devenu un deuxi\u00e8me chez-moi, une v\u00e9ritable extension de ma famille. Ce parcours m\u2019a permis de vivre ma passion pour la cuisine, les gens et le service \u00e0 la client\u00e8le, tout en restant pr\u00e9sente pour mes enfants.<\/p>\n\n\n\n<p>Avec les ressources et l\u2019accompagnement offerts par le franchiseur, je suis convaincue que toute personne passionn\u00e9e et engag\u00e9e peut r\u00e9ussir au sein du r\u00e9seau Cora. Je suis profond\u00e9ment reconnaissante pour toutes les opportunit\u00e9s que Cora m\u2019a offertes.<\/p>\n<\/div>\n<\/div>\n\n\n\n<hr class=\"wp-block-separator has-text-color has-custom-orange-cora-cora-ton-color has-alpha-channel-opacity has-custom-orange-cora-cora-ton-background-color has-background\"\/>\n\n\n\n<div class=\"wp-block-group has-global-padding is-layout-constrained wp-block-group-is-layout-constrained\">\n<p class=\"is-style-text-subtitle is-style-text-subtitle--4\" style=\"margin-bottom:0;font-style:normal;font-weight:500\">Felicia Ghenade<\/p>\n\n\n\n<p>Cora Meadowvale et Cora Vaughan, Ontario<\/p>\n<\/div>\n<\/div>\n<\/section>\n\n\n\n<section id=\"t3\" class=\"wp-block-group has-custom-orange-cora-cora-background-color has-background has-global-padding is-content-justification-center is-layout-constrained wp-container-core-group-is-layout-ae4ac6e2 wp-block-group-is-layout-constrained\" style=\"margin-top:0;margin-bottom:0;padding-top:var(--wp--preset--spacing--60);padding-right:var(--wp--preset--spacing--60);padding-bottom:var(--wp--preset--spacing--60);padding-left:var(--wp--preset--spacing--60)\">\n<div class=\"wp-block-group has-border-color has-custom-orange-cora-cora-ton-border-color has-base-color has-text-color has-link-color wp-elements-338dd9a437641727cd7c7b0d607effba is-layout-flow wp-container-core-group-is-layout-d41fd5c7 wp-block-group-is-layout-flow\" style=\"border-width:2px;padding-top:var(--wp--preset--spacing--50);padding-right:var(--wp--preset--spacing--50);padding-bottom:var(--wp--preset--spacing--50);padding-left:var(--wp--preset--spacing--50)\">\n<figure class=\"wp-block-image size-medium is-resized\" style=\"margin-top:-132px\"><img decoding=\"async\" width=\"273\" height=\"300\" src=\"https:\/\/eqvtarqd8nk.exactdn.com\/wp-content\/uploads\/2025\/08\/Wayne-Franchisee-273x300.webp?strip=all\" alt=\"\" class=\"wp-image-1426\" style=\"width:140px\" srcset=\"https:\/\/eqvtarqd8nk.exactdn.com\/wp-content\/uploads\/2025\/08\/Wayne-Franchisee-273x300.webp?strip=all 273w, https:\/\/eqvtarqd8nk.exactdn.com\/wp-content\/uploads\/2025\/08\/Wayne-Franchisee-932x1024.webp?strip=all 932w, https:\/\/eqvtarqd8nk.exactdn.com\/wp-content\/uploads\/2025\/08\/Wayne-Franchisee-768x844.webp?strip=all 768w, https:\/\/eqvtarqd8nk.exactdn.com\/wp-content\/uploads\/2025\/08\/Wayne-Franchisee-1398x1536.webp?strip=all 1398w, https:\/\/eqvtarqd8nk.exactdn.com\/wp-content\/uploads\/2025\/08\/Wayne-Franchisee-11x12.webp?strip=all 11w, https:\/\/eqvtarqd8nk.exactdn.com\/wp-content\/uploads\/2025\/08\/Wayne-Franchisee.webp?strip=all 1778w, https:\/\/eqvtarqd8nk.exactdn.com\/wp-content\/uploads\/2025\/08\/Wayne-Franchisee.webp?strip=all&amp;w=355 355w, https:\/\/eqvtarqd8nk.exactdn.com\/wp-content\/uploads\/2025\/08\/Wayne-Franchisee.webp?strip=all&amp;w=711 711w, https:\/\/eqvtarqd8nk.exactdn.com\/wp-content\/uploads\/2025\/08\/Wayne-Franchisee.webp?strip=all&amp;w=1066 1066w\" sizes=\"(max-width: 273px) 100vw, 273px\" \/><\/figure>\n\n\n\n<div class=\"wp-block-columns is-layout-flex wp-container-core-columns-is-layout-28f84493 wp-block-columns-is-layout-flex\">\n<div class=\"wp-block-column is-layout-flow wp-container-core-column-is-layout-f5bb311e wp-block-column-is-layout-flow\">\n<p class=\"has-text-align-left\">Je suis franchis\u00e9 Cora depuis maintenant 20 ans, et je peux dire que c\u2019est une marque solide, impliqu\u00e9e et bien encadr\u00e9e. Le franchiseur fait tout pour pr\u00e9server la force du r\u00e9seau, avec des visites r\u00e9guli\u00e8res de notre coach r\u00e9gional, des membres du si\u00e8ge social, ainsi que des \u00e9changes fr\u00e9quents en visioconf\u00e9rence. La cr\u00e9ativit\u00e9, les saveurs et les processus li\u00e9s aux plats et aux op\u00e9rations sont soigneusement d\u00e9velopp\u00e9s et mis de l\u2019avant. La maison m\u00e8re est accessible et transparente sur tous les plans.<\/p>\n<\/div>\n\n\n\n<div class=\"wp-block-column is-layout-flow wp-container-core-column-is-layout-f5bb311e wp-block-column-is-layout-flow\">\n<p class=\"has-text-align-left\">Le soutien technique, tant pour les syst\u00e8mes de point de vente que pour l\u2019ensemble des op\u00e9rations, est remarquable. Le mat\u00e9riel de formation est toujours fourni en temps voulu, de fa\u00e7on claire et efficace.\nLes pr\u00e9occupations sont toujours accueillies avec ouverture et honn\u00eatet\u00e9. Je recommande fortement ce concept \u00e0 toute personne s\u00e9rieuse d\u00e9sirant se lancer dans la restauration.<\/p>\n<\/div>\n<\/div>\n\n\n\n<hr class=\"wp-block-separator has-text-color has-custom-orange-cora-cora-ton-color has-alpha-channel-opacity has-custom-orange-cora-cora-ton-background-color has-background\"\/>\n\n\n\n<div class=\"wp-block-group has-global-padding is-layout-constrained wp-block-group-is-layout-constrained\">\n<p class=\"is-style-text-subtitle is-style-text-subtitle--5\" style=\"margin-bottom:0;font-style:normal;font-weight:500\">Wayne Macfarlane<\/p>\n\n\n\n<p>Cora McAllister, Nouveau-Brunswick<\/p>\n<\/div>\n<\/div>\n<\/section>\n\n\n\n<section class=\"wp-block-group has-base-color has-custom-vert-background-color has-text-color has-background has-link-color wp-elements-ca7b7778182c1feed8b333125c37ba0f has-global-padding is-layout-constrained wp-container-core-group-is-layout-faec280d wp-block-group-is-layout-constrained\" style=\"margin-top:0;margin-bottom:0;padding-top:var(--wp--preset--spacing--60);padding-right:var(--wp--preset--spacing--60);padding-bottom:var(--wp--preset--spacing--60);padding-left:var(--wp--preset--spacing--60)\">\n<div class=\"wp-block-group is-content-justification-space-between is-layout-flex wp-container-core-group-is-layout-fbaa2875 wp-block-group-is-layout-flex\" style=\"padding-top:0;padding-right:0;padding-bottom:0;padding-left:0\">\n<div class=\"wp-block-group has-global-padding is-content-justification-left is-layout-constrained wp-container-core-group-is-layout-aa39bedb wp-block-group-is-layout-constrained\">\n\n\n<h2 class=\"wp-block-heading is-style-underline-kiwi char-12 wp-container-content-9cfa9a5a\" style=\"font-size:clamp(2.629rem, 2.629rem + ((1vw - 0.2rem) * 2.964), 5rem);text-transform:uppercase\">Pr\u00eat \u00e0 faire partie&nbsp;de&nbsp;la&nbsp;grande famille&nbsp;Cora?<\/h2>\n<\/div>\n\n\n\n<div class=\"wp-block-buttons is-layout-flex wp-block-buttons-is-layout-flex\">\n<div class=\"wp-block-button is-style-with-icon\"><a class=\"wp-block-button__link wp-element-button\" href=\"https:\/\/www.corafranchise.com\/fr\/contact\/\">Commencer maintenant<\/a><\/div>\n<\/div>\n<\/div>\n<\/section>","protected":false},"excerpt":{"rendered":"<p>Testimonials Meet our franchisees Still thinking about it? See what some of our franchisees have to say about the Cora experience. Prabh Nagra Cora Evanston, AB The Cora Franchise Group is truly a family concept with almost all stores being locally owned and operated by families. The 6am-3pm operating hours allow for the perfect work-life [&hellip;]<\/p>\n","protected":false},"author":1,"featured_media":0,"parent":0,"menu_order":0,"comment_status":"closed","ping_status":"closed","template":"","meta":{"_acf_changed":false,"footnotes":""},"class_list":["post-97","page","type-page","status-publish","hentry"],"acf":[],"_links":{"self":[{"href":"https:\/\/www.corafranchise.com\/fr\/wp-json\/wp\/v2\/pages\/97","targetHints":{"allow":["GET"]}}],"collection":[{"href":"https:\/\/www.corafranchise.com\/fr\/wp-json\/wp\/v2\/pages"}],"about":[{"href":"https:\/\/www.corafranchise.com\/fr\/wp-json\/wp\/v2\/types\/page"}],"author":[{"embeddable":true,"href":"https:\/\/www.corafranchise.com\/fr\/wp-json\/wp\/v2\/users\/1"}],"replies":[{"embeddable":true,"href":"https:\/\/www.corafranchise.com\/fr\/wp-json\/wp\/v2\/comments?post=97"}],"version-history":[{"count":75,"href":"https:\/\/www.corafranchise.com\/fr\/wp-json\/wp\/v2\/pages\/97\/revisions"}],"predecessor-version":[{"id":1471,"href":"https:\/\/www.corafranchise.com\/fr\/wp-json\/wp\/v2\/pages\/97\/revisions\/1471"}],"wp:attachment":[{"href":"https:\/\/www.corafranchise.com\/fr\/wp-json\/wp\/v2\/media?parent=97"}],"curies":[{"name":"wp","href":"https:\/\/api.w.org\/{rel}","templated":true}]}}