{"id":95,"date":"2025-06-28T18:03:51","date_gmt":"2025-06-28T22:03:51","guid":{"rendered":"https:\/\/dev.corafranchise.com\/wpcorafranchise\/?page_id=95"},"modified":"2025-10-06T13:06:23","modified_gmt":"2025-10-06T17:06:23","slug":"pourquoi-choisir-cora","status":"publish","type":"page","link":"https:\/\/www.corafranchise.com\/fr\/why-choose-cora\/","title":{"rendered":"Pourquoi choisir Cora ?"},"content":{"rendered":"<section class=\"wp-block-cover has-custom-content-position is-position-center-left\" style=\"padding-top:var(--wp--preset--spacing--50);padding-right:var(--wp--preset--spacing--50);padding-bottom:var(--wp--preset--spacing--50);padding-left:var(--wp--preset--spacing--50);min-height:32rem;aspect-ratio:unset;\"><span aria-hidden=\"true\" class=\"wp-block-cover__background has-custom-texte-1-background-color has-background-dim-30 has-background-dim\"><\/span><img decoding=\"async\" width=\"1920\" height=\"1200\" src=\"https:\/\/eqvtarqd8nk.exactdn.com\/wp-content\/uploads\/2025\/07\/DSC08748.jpg?strip=all\" class=\"wp-block-cover__image-background wp-post-image\" alt=\"Bright and modern restaurant interior with yellow and beige tones, featuring cushioned chairs around a round wooden table, booth seating along the wall, a large window letting in natural light, and floral-patterned wallpaper.\" data-object-fit=\"cover\" srcset=\"https:\/\/eqvtarqd8nk.exactdn.com\/wp-content\/uploads\/2025\/07\/DSC08748.jpg?strip=all 1920w, https:\/\/eqvtarqd8nk.exactdn.com\/wp-content\/uploads\/2025\/07\/DSC08748-300x188.jpg?strip=all 300w, https:\/\/eqvtarqd8nk.exactdn.com\/wp-content\/uploads\/2025\/07\/DSC08748-1024x640.jpg?strip=all 1024w, https:\/\/eqvtarqd8nk.exactdn.com\/wp-content\/uploads\/2025\/07\/DSC08748-768x480.jpg?strip=all 768w, https:\/\/eqvtarqd8nk.exactdn.com\/wp-content\/uploads\/2025\/07\/DSC08748-1536x960.jpg?strip=all 1536w, https:\/\/eqvtarqd8nk.exactdn.com\/wp-content\/uploads\/2025\/07\/DSC08748-18x12.jpg?strip=all 18w, https:\/\/eqvtarqd8nk.exactdn.com\/wp-content\/uploads\/2025\/07\/DSC08748.jpg?strip=all&amp;w=384 384w, https:\/\/eqvtarqd8nk.exactdn.com\/wp-content\/uploads\/2025\/07\/DSC08748.jpg?strip=all&amp;w=1152 1152w, https:\/\/eqvtarqd8nk.exactdn.com\/wp-content\/uploads\/2025\/07\/DSC08748.jpg?strip=all&amp;w=450 450w\" sizes=\"(max-width: 1920px) 100vw, 1920px\" \/><div class=\"wp-block-cover__inner-container has-global-padding is-layout-constrained wp-container-core-cover-is-layout-1b1c9d75 wp-block-cover-is-layout-constrained\">\n<div class=\"wp-block-group has-global-padding is-layout-constrained wp-container-core-group-is-layout-6ed09561 wp-block-group-is-layout-constrained\" style=\"margin-top:0;margin-bottom:0;padding-top:0;padding-right:0;padding-bottom:0;padding-left:0\"><h1 style=\"margin-bottom:var(--wp--preset--spacing--30);\" class=\"has-link-color wp-elements-9397c71caa973ca9f681918c50c7703a wp-block-post-title has-text-color has-custom-orange-cora-cora-color has-large-font-size\">Pourquoi choisir Cora ?<\/h1>\n\n\n\n\n<h1 class=\"wp-block-heading is-style-circle-yellow char-8\">Le succ\u00e8s commence par un bon&nbsp;d\u00e9jeuner<\/h1>\n<\/div>\n\n\n\n<div class=\"wp-block-group has-global-padding is-content-justification-left is-layout-constrained wp-container-core-group-is-layout-54099046 wp-block-group-is-layout-constrained\">\n<p>D\u00e9jeuner, c\u2019est bien, mais d\u00e9jeuner gr\u00e2ce \u00e0 une franchise Cora, c\u2019est encore mieux! Voici pourquoi tu devrais envisager de te joindre \u00e0 nous pour b\u00e2tir ton avenir.<\/p>\n<\/div>\n\n\n\n<div class=\"wp-block-buttons is-layout-flex wp-block-buttons-is-layout-flex\">\n<div class=\"wp-block-button is-style-with-icon\"><a class=\"wp-block-button__link wp-element-button\" href=\"https:\/\/www.corafranchise.com\/fr\/contact\/\">Commencer maintenant<\/a><\/div>\n<\/div>\n<\/div><\/section>\n\n\n\n<section class=\"wp-block-group has-global-padding is-layout-constrained wp-container-core-group-is-layout-93844b0c wp-block-group-is-layout-constrained\" style=\"margin-top:0;margin-bottom:0;padding-top:var(--wp--preset--spacing--60);padding-right:var(--wp--preset--spacing--60);padding-bottom:var(--wp--preset--spacing--60);padding-left:var(--wp--preset--spacing--60)\">\n<div class=\"wp-block-columns are-vertically-aligned-center is-layout-flex wp-container-core-columns-is-layout-28f84493 wp-block-columns-is-layout-flex\">\n<div class=\"wp-block-column is-vertically-aligned-center is-layout-flow wp-block-column-is-layout-flow\" style=\"flex-basis:60%\">\n<figure class=\"wp-block-image size-full\"><img decoding=\"async\" width=\"1920\" height=\"1282\" src=\"https:\/\/eqvtarqd8nk.exactdn.com\/wp-content\/uploads\/2025\/07\/Notrehistoire.webp?strip=all\" alt=\"\" class=\"wp-image-399\" style=\"aspect-ratio:16\/9;object-fit:cover\" srcset=\"https:\/\/eqvtarqd8nk.exactdn.com\/wp-content\/uploads\/2025\/07\/Notrehistoire.webp?strip=all 1920w, https:\/\/eqvtarqd8nk.exactdn.com\/wp-content\/uploads\/2025\/07\/Notrehistoire-300x200.webp?strip=all 300w, https:\/\/eqvtarqd8nk.exactdn.com\/wp-content\/uploads\/2025\/07\/Notrehistoire-1024x684.webp?strip=all 1024w, https:\/\/eqvtarqd8nk.exactdn.com\/wp-content\/uploads\/2025\/07\/Notrehistoire-768x513.webp?strip=all 768w, https:\/\/eqvtarqd8nk.exactdn.com\/wp-content\/uploads\/2025\/07\/Notrehistoire-1536x1026.webp?strip=all 1536w, https:\/\/eqvtarqd8nk.exactdn.com\/wp-content\/uploads\/2025\/07\/Notrehistoire-18x12.webp?strip=all 18w, https:\/\/eqvtarqd8nk.exactdn.com\/wp-content\/uploads\/2025\/07\/Notrehistoire.webp?strip=all&amp;w=384 384w, https:\/\/eqvtarqd8nk.exactdn.com\/wp-content\/uploads\/2025\/07\/Notrehistoire.webp?strip=all&amp;w=1152 1152w, https:\/\/eqvtarqd8nk.exactdn.com\/wp-content\/uploads\/2025\/07\/Notrehistoire.webp?strip=all&amp;w=450 450w\" sizes=\"(max-width: 1920px) 100vw, 1920px\" \/><\/figure>\n<\/div>\n\n\n\n<div class=\"wp-block-column is-vertically-aligned-center is-layout-flow wp-container-core-column-is-layout-119bc444 wp-block-column-is-layout-flow\" style=\"flex-basis:40%\">\n<h3 class=\"wp-block-heading char-13 is-style-default has-x-large-font-size\">Une marque reconnue et aim\u00e9e<\/h3>\n\n\n\n<p>Apr\u00e8s plus de 38\u202fans de croissance et apr\u00e8s avoir ouvert plus de 125 restaurants \u00e0 travers le Canada, Franchise Cora jouit d\u2019une forte notori\u00e9t\u00e9 dans bien des foyers. Pour toi, \u00e7a veut dire profiter d\u2019une notori\u00e9t\u00e9 instantan\u00e9e... et d\u2019une client\u00e8le d\u00e9j\u00e0 fid\u00e8le.<\/p>\n\n\n\n<div class=\"wp-block-buttons is-layout-flex wp-block-buttons-is-layout-flex\">\n<div class=\"wp-block-button is-style-outline is-style-outline--1\"><a class=\"wp-block-button__link wp-element-button\" href=\"https:\/\/www.corafranchise.com\/fr\/a-propos\/\">D\u00e9couvrir notre histoire<\/a><\/div>\n<\/div>\n<\/div>\n<\/div>\n<\/section>\n\n\n\n<section class=\"wp-block-group is-style-default has-base-color has-custom-rouge-framboise-background-color has-text-color has-background has-link-color wp-elements-0c29f52010bdb4b3ea25b8125396313a has-global-padding is-layout-constrained wp-container-core-group-is-layout-d1fc393f wp-block-group-is-layout-constrained\" style=\"margin-top:0;margin-bottom:0;padding-top:0;padding-right:var(--wp--preset--spacing--60);padding-bottom:0;padding-left:var(--wp--preset--spacing--60)\">\n<div class=\"wp-block-columns are-vertically-aligned-center is-layout-flex wp-container-core-columns-is-layout-28f84493 wp-block-columns-is-layout-flex\">\n<div class=\"wp-block-column is-vertically-aligned-center is-layout-flow wp-block-column-is-layout-flow\" style=\"flex-basis:60%\">\n<figure class=\"wp-block-image size-full\" style=\"margin-top:-2vw;margin-bottom:-1vw\"><img decoding=\"async\" width=\"1920\" height=\"1179\" src=\"https:\/\/eqvtarqd8nk.exactdn.com\/wp-content\/uploads\/2025\/07\/cora-operation-team-2.webp?strip=all\" alt=\"\" class=\"wp-image-1245\" srcset=\"https:\/\/eqvtarqd8nk.exactdn.com\/wp-content\/uploads\/2025\/07\/cora-operation-team-2.webp?strip=all 1920w, https:\/\/eqvtarqd8nk.exactdn.com\/wp-content\/uploads\/2025\/07\/cora-operation-team-2-300x184.webp?strip=all 300w, https:\/\/eqvtarqd8nk.exactdn.com\/wp-content\/uploads\/2025\/07\/cora-operation-team-2-1024x629.webp?strip=all 1024w, https:\/\/eqvtarqd8nk.exactdn.com\/wp-content\/uploads\/2025\/07\/cora-operation-team-2-768x472.webp?strip=all 768w, https:\/\/eqvtarqd8nk.exactdn.com\/wp-content\/uploads\/2025\/07\/cora-operation-team-2-1536x943.webp?strip=all 1536w, https:\/\/eqvtarqd8nk.exactdn.com\/wp-content\/uploads\/2025\/07\/cora-operation-team-2-18x12.webp?strip=all 18w, https:\/\/eqvtarqd8nk.exactdn.com\/wp-content\/uploads\/2025\/07\/cora-operation-team-2.webp?strip=all&amp;w=384 384w, https:\/\/eqvtarqd8nk.exactdn.com\/wp-content\/uploads\/2025\/07\/cora-operation-team-2.webp?strip=all&amp;w=1152 1152w, https:\/\/eqvtarqd8nk.exactdn.com\/wp-content\/uploads\/2025\/07\/cora-operation-team-2.webp?strip=all&amp;w=450 450w\" sizes=\"(max-width: 1920px) 100vw, 1920px\" \/><\/figure>\n<\/div>\n\n\n\n<div class=\"wp-block-column is-vertically-aligned-center is-layout-flow wp-container-core-column-is-layout-a441627c wp-block-column-is-layout-flow\" style=\"padding-top:var(--wp--preset--spacing--60);padding-bottom:var(--wp--preset--spacing--60);flex-basis:40%\">\n<h3 class=\"wp-block-heading char-18 left is-style-default has-x-large-font-size\">Toujours l\u00e0 pour toi, \u00e0 chaque \u00e9tape<\/h3>\n\n\n\n<p>De la recherche de ton local \u00e0 la formation de ton \u00e9quipe, en passant par le marketing et le coaching continu, notre \u00e9quipe Cora te suit d\u00e8s le premier jour. C\u2019est ton projet, mais on avance toujours ensemble.<\/p>\n\n\n\n<div class=\"wp-block-buttons is-layout-flex wp-block-buttons-is-layout-flex\">\n<div class=\"wp-block-button is-style-outline is-style-outline--2\"><a class=\"wp-block-button__link wp-element-button\" href=\"https:\/\/www.corafranchise.com\/fr\/faq\/\">D\u00e9couvrir comment nous te soutenons<\/a><\/div>\n<\/div>\n<\/div>\n<\/div>\n<\/section>\n\n\n\n<section class=\"wp-block-group has-base-background-color has-background has-global-padding is-layout-constrained wp-container-core-group-is-layout-93844b0c wp-block-group-is-layout-constrained\" style=\"margin-top:0;margin-bottom:0;padding-top:var(--wp--preset--spacing--60);padding-right:var(--wp--preset--spacing--60);padding-bottom:var(--wp--preset--spacing--60);padding-left:var(--wp--preset--spacing--60)\">\n<div class=\"wp-block-columns are-vertically-aligned-center c-reverse is-layout-flex wp-container-core-columns-is-layout-28f84493 wp-block-columns-is-layout-flex\">\n<div class=\"wp-block-column is-vertically-aligned-center is-layout-flow wp-container-core-column-is-layout-119bc444 wp-block-column-is-layout-flow\" style=\"flex-basis:40%\">\n<h3 class=\"wp-block-heading has-x-large-font-size\">Une premi\u00e8re entreprise id\u00e9ale<\/h3>\n\n\n\n<p>Que tu sois un entrepreneur d\u2019exp\u00e9rience ou que tu te lances en affaires pour la premi\u00e8re fois, les avantages d'acheter une franchise Cora sont nombreux : des op\u00e9rations simples, des formations compl\u00e8tes et des syst\u00e8mes cl\u00e9s en main pens\u00e9s pour te mener vers la r\u00e9ussite. Aucune exp\u00e9rience en restauration n\u00e9cessaire.<\/p>\n\n\n\n<div class=\"wp-block-buttons is-layout-flex wp-block-buttons-is-layout-flex\">\n<div class=\"wp-block-button is-style-with-icon\"><a class=\"wp-block-button__link wp-element-button\" href=\"https:\/\/www.corafranchise.com\/fr\/contact\/\">Faire le premier pas<\/a><\/div>\n<\/div>\n<\/div>\n\n\n\n<div class=\"wp-block-column is-vertically-aligned-center is-layout-flow wp-block-column-is-layout-flow\" style=\"flex-basis:60%\">\n<figure class=\"wp-block-image size-full\"><img decoding=\"async\" width=\"1440\" height=\"1920\" src=\"https:\/\/eqvtarqd8nk.exactdn.com\/wp-content\/uploads\/2025\/07\/Prabh-and-Rohan-in-front-of-brick-wall.jpg?strip=all\" alt=\"\" class=\"wp-image-400\" style=\"aspect-ratio:16\/9;object-fit:cover\" srcset=\"https:\/\/eqvtarqd8nk.exactdn.com\/wp-content\/uploads\/2025\/07\/Prabh-and-Rohan-in-front-of-brick-wall.jpg?strip=all 1440w, https:\/\/eqvtarqd8nk.exactdn.com\/wp-content\/uploads\/2025\/07\/Prabh-and-Rohan-in-front-of-brick-wall-225x300.jpg?strip=all 225w, https:\/\/eqvtarqd8nk.exactdn.com\/wp-content\/uploads\/2025\/07\/Prabh-and-Rohan-in-front-of-brick-wall-768x1024.jpg?strip=all 768w, https:\/\/eqvtarqd8nk.exactdn.com\/wp-content\/uploads\/2025\/07\/Prabh-and-Rohan-in-front-of-brick-wall-1152x1536.jpg?strip=all 1152w, https:\/\/eqvtarqd8nk.exactdn.com\/wp-content\/uploads\/2025\/07\/Prabh-and-Rohan-in-front-of-brick-wall-9x12.jpg?strip=all 9w, https:\/\/eqvtarqd8nk.exactdn.com\/wp-content\/uploads\/2025\/07\/Prabh-and-Rohan-in-front-of-brick-wall.jpg?strip=all&amp;w=288 288w, https:\/\/eqvtarqd8nk.exactdn.com\/wp-content\/uploads\/2025\/07\/Prabh-and-Rohan-in-front-of-brick-wall.jpg?strip=all&amp;w=576 576w, https:\/\/eqvtarqd8nk.exactdn.com\/wp-content\/uploads\/2025\/07\/Prabh-and-Rohan-in-front-of-brick-wall.jpg?strip=all&amp;w=864 864w, https:\/\/eqvtarqd8nk.exactdn.com\/wp-content\/uploads\/2025\/07\/Prabh-and-Rohan-in-front-of-brick-wall.jpg?strip=all&amp;w=450 450w\" sizes=\"(max-width: 1440px) 100vw, 1440px\" \/><\/figure>\n<\/div>\n<\/div>\n<\/section>\n\n\n\n<section class=\"wp-block-group has-base-color has-custom-orange-cora-cora-background-color has-text-color has-background has-link-color wp-elements-8842e5f0325c45850dd92a5d038ecda1 has-global-padding is-layout-constrained wp-container-core-group-is-layout-93844b0c wp-block-group-is-layout-constrained\" style=\"margin-top:0;margin-bottom:0;padding-top:var(--wp--preset--spacing--60);padding-right:var(--wp--preset--spacing--60);padding-bottom:var(--wp--preset--spacing--60);padding-left:var(--wp--preset--spacing--60)\">\n<div class=\"wp-block-columns are-vertically-aligned-center is-layout-flex wp-container-core-columns-is-layout-28f84493 wp-block-columns-is-layout-flex\">\n<div class=\"wp-block-column is-vertically-aligned-center is-layout-flow wp-block-column-is-layout-flow\" style=\"flex-basis:60%\">\n<figure class=\"wp-block-image size-full\"><img decoding=\"async\" width=\"1920\" height=\"1446\" src=\"https:\/\/eqvtarqd8nk.exactdn.com\/wp-content\/uploads\/2025\/07\/hoeden._An_family_having_lunch_together_on_their_backyard_terra_1e76312c-335d-4122-963e-d7b09c7e4837.jpg?strip=all\" alt=\"\" class=\"wp-image-666\" style=\"aspect-ratio:16\/9;object-fit:cover\" srcset=\"https:\/\/eqvtarqd8nk.exactdn.com\/wp-content\/uploads\/2025\/07\/hoeden._An_family_having_lunch_together_on_their_backyard_terra_1e76312c-335d-4122-963e-d7b09c7e4837.jpg?strip=all 1920w, https:\/\/eqvtarqd8nk.exactdn.com\/wp-content\/uploads\/2025\/07\/hoeden._An_family_having_lunch_together_on_their_backyard_terra_1e76312c-335d-4122-963e-d7b09c7e4837-300x226.jpg?strip=all 300w, https:\/\/eqvtarqd8nk.exactdn.com\/wp-content\/uploads\/2025\/07\/hoeden._An_family_having_lunch_together_on_their_backyard_terra_1e76312c-335d-4122-963e-d7b09c7e4837-1024x771.jpg?strip=all 1024w, https:\/\/eqvtarqd8nk.exactdn.com\/wp-content\/uploads\/2025\/07\/hoeden._An_family_having_lunch_together_on_their_backyard_terra_1e76312c-335d-4122-963e-d7b09c7e4837-768x578.jpg?strip=all 768w, https:\/\/eqvtarqd8nk.exactdn.com\/wp-content\/uploads\/2025\/07\/hoeden._An_family_having_lunch_together_on_their_backyard_terra_1e76312c-335d-4122-963e-d7b09c7e4837-1536x1157.jpg?strip=all 1536w, https:\/\/eqvtarqd8nk.exactdn.com\/wp-content\/uploads\/2025\/07\/hoeden._An_family_having_lunch_together_on_their_backyard_terra_1e76312c-335d-4122-963e-d7b09c7e4837-16x12.jpg?strip=all 16w, https:\/\/eqvtarqd8nk.exactdn.com\/wp-content\/uploads\/2025\/07\/hoeden._An_family_having_lunch_together_on_their_backyard_terra_1e76312c-335d-4122-963e-d7b09c7e4837.jpg?strip=all&amp;w=384 384w, https:\/\/eqvtarqd8nk.exactdn.com\/wp-content\/uploads\/2025\/07\/hoeden._An_family_having_lunch_together_on_their_backyard_terra_1e76312c-335d-4122-963e-d7b09c7e4837.jpg?strip=all&amp;w=1152 1152w, https:\/\/eqvtarqd8nk.exactdn.com\/wp-content\/uploads\/2025\/07\/hoeden._An_family_having_lunch_together_on_their_backyard_terra_1e76312c-335d-4122-963e-d7b09c7e4837.jpg?strip=all&amp;w=450 450w\" sizes=\"(max-width: 1920px) 100vw, 1920px\" \/><\/figure>\n<\/div>\n\n\n\n<div class=\"wp-block-column is-vertically-aligned-center is-layout-flow wp-container-core-column-is-layout-119bc444 wp-block-column-is-layout-flow\" style=\"flex-basis:40%\">\n<h3 class=\"wp-block-heading char-14 is-style-default has-x-large-font-size\">Une vie \u00e9quilibr\u00e9e, vraiment !<\/h3>\n\n\n\n<p>Les restaurants Cora sont ouverts uniquement de 6 h \u00e0 15 h, ce qui fait partie des grands avantages d'acheter une franchise Cora : tu peux \u00eatre en affaires tout en rentrant \u00e0 la maison pour le souper. Fini les soir\u00e9es tardives, bonjour \u00e0 une carri\u00e8re qui respecte ta vie personnelle.<\/p>\n\n\n\n<div class=\"wp-block-buttons is-layout-flex wp-block-buttons-is-layout-flex\">\n<div class=\"wp-block-button is-style-with-icon\"><a class=\"wp-block-button__link has-base-background-color has-background wp-element-button\" href=\"https:\/\/www.corafranchise.com\/fr\/contact\/\">Sauter le pas<\/a><\/div>\n<\/div>\n<\/div>\n<\/div>\n<\/section>\n\n\n\n<section class=\"wp-block-group has-global-padding is-layout-constrained wp-container-core-group-is-layout-b1510403 wp-block-group-is-layout-constrained\" style=\"margin-top:0;margin-bottom:0;padding-top:var(--wp--preset--spacing--50);padding-right:var(--wp--preset--spacing--50);padding-bottom:var(--wp--preset--spacing--50);padding-left:var(--wp--preset--spacing--50)\">\n<div class=\"wp-block-columns are-vertically-aligned-center c-reverse is-layout-flex wp-container-core-columns-is-layout-28f84493 wp-block-columns-is-layout-flex\">\n<div class=\"wp-block-column is-vertically-aligned-center is-layout-flow wp-container-core-column-is-layout-119bc444 wp-block-column-is-layout-flow\" style=\"flex-basis:40%\">\n<h3 class=\"wp-block-heading has-x-large-font-size\">Une opportunit\u00e9 pour les nouveaux arrivants<\/h3>\n\n\n\n<p>Parmi nos franchis\u00e9s les plus inspirants, plusieurs sont de nouveaux arrivants qui cherchaient la bonne occasion de repartir \u00e0 neuf au Canada. Parmi les avantages d'acheter une franchise Cora, on retrouve une formation compl\u00e8te, une marque ancr\u00e9e dans la communaut\u00e9 et un accompagnement personnalis\u00e9. Le chemin vers l\u2019entrepreneuriat qu\u2019offre Cora se r\u00e9v\u00e8le \u00e0 la fois accueillant et valorisant.<\/p>\n\n\n\n<div class=\"wp-block-buttons is-layout-flex wp-block-buttons-is-layout-flex\">\n<div class=\"wp-block-button is-style-with-icon\"><a class=\"wp-block-button__link wp-element-button\" href=\"https:\/\/www.corafranchise.com\/fr\/contact\/\">B\u00e2tir ton avenir ici<\/a><\/div>\n<\/div>\n<\/div>\n\n\n\n<div class=\"wp-block-column is-vertically-aligned-center is-layout-flow wp-block-column-is-layout-flow\" style=\"flex-basis:60%\">\n<figure class=\"wp-block-image size-full\"><img decoding=\"async\" width=\"1920\" height=\"1280\" src=\"https:\/\/eqvtarqd8nk.exactdn.com\/wp-content\/uploads\/2025\/07\/portrait-of-smiling-multi-cultural-business-team-s-2024-10-19-07-34-36-utc.jpg?strip=all\" alt=\"\" class=\"wp-image-401\" style=\"aspect-ratio:16\/9;object-fit:cover\" srcset=\"https:\/\/eqvtarqd8nk.exactdn.com\/wp-content\/uploads\/2025\/07\/portrait-of-smiling-multi-cultural-business-team-s-2024-10-19-07-34-36-utc.jpg?strip=all 1920w, https:\/\/eqvtarqd8nk.exactdn.com\/wp-content\/uploads\/2025\/07\/portrait-of-smiling-multi-cultural-business-team-s-2024-10-19-07-34-36-utc-300x200.jpg?strip=all 300w, https:\/\/eqvtarqd8nk.exactdn.com\/wp-content\/uploads\/2025\/07\/portrait-of-smiling-multi-cultural-business-team-s-2024-10-19-07-34-36-utc-1024x683.jpg?strip=all 1024w, https:\/\/eqvtarqd8nk.exactdn.com\/wp-content\/uploads\/2025\/07\/portrait-of-smiling-multi-cultural-business-team-s-2024-10-19-07-34-36-utc-768x512.jpg?strip=all 768w, https:\/\/eqvtarqd8nk.exactdn.com\/wp-content\/uploads\/2025\/07\/portrait-of-smiling-multi-cultural-business-team-s-2024-10-19-07-34-36-utc-1536x1024.jpg?strip=all 1536w, https:\/\/eqvtarqd8nk.exactdn.com\/wp-content\/uploads\/2025\/07\/portrait-of-smiling-multi-cultural-business-team-s-2024-10-19-07-34-36-utc-18x12.jpg?strip=all 18w, https:\/\/eqvtarqd8nk.exactdn.com\/wp-content\/uploads\/2025\/07\/portrait-of-smiling-multi-cultural-business-team-s-2024-10-19-07-34-36-utc.jpg?strip=all&amp;w=384 384w, https:\/\/eqvtarqd8nk.exactdn.com\/wp-content\/uploads\/2025\/07\/portrait-of-smiling-multi-cultural-business-team-s-2024-10-19-07-34-36-utc.jpg?strip=all&amp;w=1152 1152w, https:\/\/eqvtarqd8nk.exactdn.com\/wp-content\/uploads\/2025\/07\/portrait-of-smiling-multi-cultural-business-team-s-2024-10-19-07-34-36-utc.jpg?strip=all&amp;w=450 450w\" sizes=\"(max-width: 1920px) 100vw, 1920px\" \/><\/figure>\n<\/div>\n<\/div>\n<\/section>\n\n\n\n<section class=\"wp-block-group has-base-color has-custom-vert-background-color has-text-color has-background has-link-color wp-elements-ca7b7778182c1feed8b333125c37ba0f has-global-padding is-layout-constrained wp-container-core-group-is-layout-faec280d wp-block-group-is-layout-constrained\" style=\"margin-top:0;margin-bottom:0;padding-top:var(--wp--preset--spacing--60);padding-right:var(--wp--preset--spacing--60);padding-bottom:var(--wp--preset--spacing--60);padding-left:var(--wp--preset--spacing--60)\">\n<div class=\"wp-block-group is-content-justification-space-between is-layout-flex wp-container-core-group-is-layout-fbaa2875 wp-block-group-is-layout-flex\" style=\"padding-top:0;padding-right:0;padding-bottom:0;padding-left:0\">\n<div class=\"wp-block-group has-global-padding is-content-justification-left is-layout-constrained wp-container-core-group-is-layout-aa39bedb wp-block-group-is-layout-constrained\">\n\n\n<h2 class=\"wp-block-heading is-style-underline-kiwi char-12 wp-container-content-9cfa9a5a\" style=\"font-size:clamp(2.629rem, 2.629rem + ((1vw - 0.2rem) * 2.964), 5rem);text-transform:uppercase\">Pr\u00eat \u00e0 faire partie&nbsp;de&nbsp;la&nbsp;grande famille&nbsp;Cora?<\/h2>\n<\/div>\n\n\n\n<div class=\"wp-block-buttons is-layout-flex wp-block-buttons-is-layout-flex\">\n<div class=\"wp-block-button is-style-with-icon\"><a class=\"wp-block-button__link wp-element-button\" href=\"https:\/\/www.corafranchise.com\/fr\/contact\/\">Commencer maintenant<\/a><\/div>\n<\/div>\n<\/div>\n<\/section>","protected":false},"excerpt":{"rendered":"<p>Recognized and trusted brand With over 38\u202fyears of growth and more than 125\u202flocations across Canada, Cora is a beloved household name. As a franchisee, you\u2019ll benefit from instant brand recognition, a loyal customer base and the credibility that comes from decades of success. We\u2019ve got your back\u2014every step of the way From site selection and [&hellip;]<\/p>\n","protected":false},"author":1,"featured_media":362,"parent":0,"menu_order":0,"comment_status":"closed","ping_status":"closed","template":"","meta":{"_acf_changed":false,"footnotes":""},"class_list":["post-95","page","type-page","status-publish","has-post-thumbnail","hentry"],"acf":[],"_links":{"self":[{"href":"https:\/\/www.corafranchise.com\/fr\/wp-json\/wp\/v2\/pages\/95","targetHints":{"allow":["GET"]}}],"collection":[{"href":"https:\/\/www.corafranchise.com\/fr\/wp-json\/wp\/v2\/pages"}],"about":[{"href":"https:\/\/www.corafranchise.com\/fr\/wp-json\/wp\/v2\/types\/page"}],"author":[{"embeddable":true,"href":"https:\/\/www.corafranchise.com\/fr\/wp-json\/wp\/v2\/users\/1"}],"replies":[{"embeddable":true,"href":"https:\/\/www.corafranchise.com\/fr\/wp-json\/wp\/v2\/comments?post=95"}],"version-history":[{"count":72,"href":"https:\/\/www.corafranchise.com\/fr\/wp-json\/wp\/v2\/pages\/95\/revisions"}],"predecessor-version":[{"id":1434,"href":"https:\/\/www.corafranchise.com\/fr\/wp-json\/wp\/v2\/pages\/95\/revisions\/1434"}],"wp:featuredmedia":[{"embeddable":true,"href":"https:\/\/www.corafranchise.com\/fr\/wp-json\/wp\/v2\/media\/362"}],"wp:attachment":[{"href":"https:\/\/www.corafranchise.com\/fr\/wp-json\/wp\/v2\/media?parent=95"}],"curies":[{"name":"wp","href":"https:\/\/api.w.org\/{rel}","templated":true}]}}