{"id":68,"date":"2025-05-14T13:30:38","date_gmt":"2025-05-14T17:30:38","guid":{"rendered":"https:\/\/dev.corafranchise.com\/wpcorafranchise\/?page_id=68"},"modified":"2025-07-31T11:59:19","modified_gmt":"2025-07-31T15:59:19","slug":"contact","status":"publish","type":"page","link":"https:\/\/www.corafranchise.com\/fr\/contact\/","title":{"rendered":"Contact"},"content":{"rendered":"\n<section class=\"wp-block-group is-layout-flow wp-container-core-group-is-layout-4b1d56b1 wp-block-group-is-layout-flow\" style=\"margin-top:0;margin-bottom:0;padding-top:0;padding-right:0;padding-bottom:0;padding-left:0\">\n<div class=\"wp-block-columns is-layout-flex wp-container-core-columns-is-layout-9c22b1e3 wp-block-columns-is-layout-flex\">\n<div class=\"wp-block-column is-vertically-aligned-center has-base-color has-custom-rouge-framboise-background-color has-text-color has-background has-link-color wp-elements-f6e2fcd678244b058f893bac656d1d87 has-global-padding is-content-justification-center is-layout-constrained wp-container-core-column-is-layout-9fac8ba5 wp-block-column-is-layout-constrained\" style=\"border-right-color:#eaeaea;border-right-style:solid;border-right-width:1px;padding-top:var(--wp--preset--spacing--50);padding-right:var(--wp--preset--spacing--50);padding-bottom:var(--wp--preset--spacing--50);padding-left:var(--wp--preset--spacing--50)\">\n<div class=\"wp-block-group is-layout-grid wp-container-core-group-is-layout-471a4f32 wp-block-group-is-layout-grid\">\n<figure class=\"wp-block-image size-full full-height wp-container-content-65c94b43\"><img decoding=\"async\" width=\"1056\" height=\"1920\" src=\"https:\/\/eqvtarqd8nk.exactdn.com\/wp-content\/uploads\/2025\/07\/298_INT24_Plat-partager_Menu_12-11-24_V2.jpg?strip=all\" alt=\"\" class=\"wp-image-366\" style=\"aspect-ratio:3\/4;object-fit:cover\" srcset=\"https:\/\/eqvtarqd8nk.exactdn.com\/wp-content\/uploads\/2025\/07\/298_INT24_Plat-partager_Menu_12-11-24_V2.jpg?strip=all 1056w, https:\/\/eqvtarqd8nk.exactdn.com\/wp-content\/uploads\/2025\/07\/298_INT24_Plat-partager_Menu_12-11-24_V2-165x300.jpg?strip=all 165w, https:\/\/eqvtarqd8nk.exactdn.com\/wp-content\/uploads\/2025\/07\/298_INT24_Plat-partager_Menu_12-11-24_V2-563x1024.jpg?strip=all 563w, https:\/\/eqvtarqd8nk.exactdn.com\/wp-content\/uploads\/2025\/07\/298_INT24_Plat-partager_Menu_12-11-24_V2-768x1396.jpg?strip=all 768w, https:\/\/eqvtarqd8nk.exactdn.com\/wp-content\/uploads\/2025\/07\/298_INT24_Plat-partager_Menu_12-11-24_V2-845x1536.jpg?strip=all 845w, https:\/\/eqvtarqd8nk.exactdn.com\/wp-content\/uploads\/2025\/07\/298_INT24_Plat-partager_Menu_12-11-24_V2-7x12.jpg?strip=all 7w, https:\/\/eqvtarqd8nk.exactdn.com\/wp-content\/uploads\/2025\/07\/298_INT24_Plat-partager_Menu_12-11-24_V2.jpg?strip=all&amp;w=422 422w, https:\/\/eqvtarqd8nk.exactdn.com\/wp-content\/uploads\/2025\/07\/298_INT24_Plat-partager_Menu_12-11-24_V2.jpg?strip=all&amp;w=633 633w\" sizes=\"(max-width: 1056px) 100vw, 1056px\" \/><\/figure>\n\n\n\n<figure class=\"wp-block-image size-large full-height\"><img decoding=\"async\" width=\"1024\" height=\"684\" src=\"https:\/\/eqvtarqd8nk.exactdn.com\/wp-content\/uploads\/2025\/07\/Notrehistoire-1024x684.webp?strip=all\" alt=\"\" class=\"wp-image-399\" style=\"object-fit:cover\" srcset=\"https:\/\/eqvtarqd8nk.exactdn.com\/wp-content\/uploads\/2025\/07\/Notrehistoire-1024x684.webp?strip=all 1024w, https:\/\/eqvtarqd8nk.exactdn.com\/wp-content\/uploads\/2025\/07\/Notrehistoire-300x200.webp?strip=all 300w, https:\/\/eqvtarqd8nk.exactdn.com\/wp-content\/uploads\/2025\/07\/Notrehistoire-768x513.webp?strip=all 768w, https:\/\/eqvtarqd8nk.exactdn.com\/wp-content\/uploads\/2025\/07\/Notrehistoire-1536x1026.webp?strip=all 1536w, https:\/\/eqvtarqd8nk.exactdn.com\/wp-content\/uploads\/2025\/07\/Notrehistoire-18x12.webp?strip=all 18w, https:\/\/eqvtarqd8nk.exactdn.com\/wp-content\/uploads\/2025\/07\/Notrehistoire.webp?strip=all 1920w, https:\/\/eqvtarqd8nk.exactdn.com\/wp-content\/uploads\/2025\/07\/Notrehistoire.webp?strip=all&amp;w=384 384w, https:\/\/eqvtarqd8nk.exactdn.com\/wp-content\/uploads\/2025\/07\/Notrehistoire.webp?strip=all&amp;w=1152 1152w, https:\/\/eqvtarqd8nk.exactdn.com\/wp-content\/uploads\/2025\/07\/Notrehistoire.webp?strip=all&amp;w=450 450w\" sizes=\"(max-width: 1024px) 100vw, 1024px\" \/><\/figure>\n\n\n\n<figure class=\"wp-block-image size-large full-height\"><img decoding=\"async\" width=\"1024\" height=\"683\" src=\"https:\/\/eqvtarqd8nk.exactdn.com\/wp-content\/uploads\/2025\/07\/BD_Beyond-meat_SAM_-MS0048_V1-1024x683.jpg?strip=all\" alt=\"\" class=\"wp-image-364\" srcset=\"https:\/\/eqvtarqd8nk.exactdn.com\/wp-content\/uploads\/2025\/07\/BD_Beyond-meat_SAM_-MS0048_V1-1024x683.jpg?strip=all 1024w, https:\/\/eqvtarqd8nk.exactdn.com\/wp-content\/uploads\/2025\/07\/BD_Beyond-meat_SAM_-MS0048_V1-300x200.jpg?strip=all 300w, https:\/\/eqvtarqd8nk.exactdn.com\/wp-content\/uploads\/2025\/07\/BD_Beyond-meat_SAM_-MS0048_V1-768x512.jpg?strip=all 768w, https:\/\/eqvtarqd8nk.exactdn.com\/wp-content\/uploads\/2025\/07\/BD_Beyond-meat_SAM_-MS0048_V1-1536x1025.jpg?strip=all 1536w, https:\/\/eqvtarqd8nk.exactdn.com\/wp-content\/uploads\/2025\/07\/BD_Beyond-meat_SAM_-MS0048_V1-18x12.jpg?strip=all 18w, https:\/\/eqvtarqd8nk.exactdn.com\/wp-content\/uploads\/2025\/07\/BD_Beyond-meat_SAM_-MS0048_V1.jpg?strip=all 1920w, https:\/\/eqvtarqd8nk.exactdn.com\/wp-content\/uploads\/2025\/07\/BD_Beyond-meat_SAM_-MS0048_V1.jpg?strip=all&amp;w=384 384w, https:\/\/eqvtarqd8nk.exactdn.com\/wp-content\/uploads\/2025\/07\/BD_Beyond-meat_SAM_-MS0048_V1.jpg?strip=all&amp;w=1152 1152w, https:\/\/eqvtarqd8nk.exactdn.com\/wp-content\/uploads\/2025\/07\/BD_Beyond-meat_SAM_-MS0048_V1.jpg?strip=all&amp;w=450 450w\" sizes=\"(max-width: 1024px) 100vw, 1024px\" \/><\/figure>\n<\/div>\n\n\n\n<div class=\"wp-block-group has-global-padding is-layout-constrained wp-container-core-group-is-layout-e0082cf6 wp-block-group-is-layout-constrained\">\n<h1 class=\"wp-block-heading has-custom-orange-cora-cora-color has-text-color has-link-color has-large-font-size wp-elements-39566e9ce40fb2fb76468e382e12200b\">Ready to own your own?<\/h1>\n\n\n\n<h2 class=\"wp-block-heading\">Complete this form to start your franchise story today!<\/h2>\n<\/div>\n\n\n\n<div class=\"wp-block-group hide--on-l is-layout-grid wp-container-core-group-is-layout-ce96cb3d wp-block-group-is-layout-grid\">\n<figure class=\"wp-block-image size-large\"><img decoding=\"async\" width=\"1024\" height=\"683\" src=\"https:\/\/eqvtarqd8nk.exactdn.com\/wp-content\/uploads\/2025\/07\/portrait-of-smiling-multi-cultural-business-team-s-2024-10-19-07-34-36-utc-1024x683.jpg?strip=all\" alt=\"\" class=\"wp-image-401\" srcset=\"https:\/\/eqvtarqd8nk.exactdn.com\/wp-content\/uploads\/2025\/07\/portrait-of-smiling-multi-cultural-business-team-s-2024-10-19-07-34-36-utc-1024x683.jpg?strip=all 1024w, https:\/\/eqvtarqd8nk.exactdn.com\/wp-content\/uploads\/2025\/07\/portrait-of-smiling-multi-cultural-business-team-s-2024-10-19-07-34-36-utc-300x200.jpg?strip=all 300w, https:\/\/eqvtarqd8nk.exactdn.com\/wp-content\/uploads\/2025\/07\/portrait-of-smiling-multi-cultural-business-team-s-2024-10-19-07-34-36-utc-768x512.jpg?strip=all 768w, https:\/\/eqvtarqd8nk.exactdn.com\/wp-content\/uploads\/2025\/07\/portrait-of-smiling-multi-cultural-business-team-s-2024-10-19-07-34-36-utc-1536x1024.jpg?strip=all 1536w, https:\/\/eqvtarqd8nk.exactdn.com\/wp-content\/uploads\/2025\/07\/portrait-of-smiling-multi-cultural-business-team-s-2024-10-19-07-34-36-utc-18x12.jpg?strip=all 18w, https:\/\/eqvtarqd8nk.exactdn.com\/wp-content\/uploads\/2025\/07\/portrait-of-smiling-multi-cultural-business-team-s-2024-10-19-07-34-36-utc.jpg?strip=all 1920w, https:\/\/eqvtarqd8nk.exactdn.com\/wp-content\/uploads\/2025\/07\/portrait-of-smiling-multi-cultural-business-team-s-2024-10-19-07-34-36-utc.jpg?strip=all&amp;w=384 384w, https:\/\/eqvtarqd8nk.exactdn.com\/wp-content\/uploads\/2025\/07\/portrait-of-smiling-multi-cultural-business-team-s-2024-10-19-07-34-36-utc.jpg?strip=all&amp;w=1152 1152w, https:\/\/eqvtarqd8nk.exactdn.com\/wp-content\/uploads\/2025\/07\/portrait-of-smiling-multi-cultural-business-team-s-2024-10-19-07-34-36-utc.jpg?strip=all&amp;w=450 450w\" sizes=\"(max-width: 1024px) 100vw, 1024px\" \/><\/figure>\n\n\n\n<figure class=\"wp-block-image size-large wp-container-content-65c94b43\"><img decoding=\"async\" width=\"683\" height=\"1024\" src=\"https:\/\/eqvtarqd8nk.exactdn.com\/wp-content\/uploads\/2025\/07\/Clients_03-10-24_0535-683x1024.jpg?strip=all\" alt=\"\" class=\"wp-image-365\" style=\"aspect-ratio:3\/4;object-fit:cover\" srcset=\"https:\/\/eqvtarqd8nk.exactdn.com\/wp-content\/uploads\/2025\/07\/Clients_03-10-24_0535-683x1024.jpg?strip=all 683w, https:\/\/eqvtarqd8nk.exactdn.com\/wp-content\/uploads\/2025\/07\/Clients_03-10-24_0535-200x300.jpg?strip=all 200w, https:\/\/eqvtarqd8nk.exactdn.com\/wp-content\/uploads\/2025\/07\/Clients_03-10-24_0535-768x1152.jpg?strip=all 768w, https:\/\/eqvtarqd8nk.exactdn.com\/wp-content\/uploads\/2025\/07\/Clients_03-10-24_0535-1024x1536.jpg?strip=all 1024w, https:\/\/eqvtarqd8nk.exactdn.com\/wp-content\/uploads\/2025\/07\/Clients_03-10-24_0535-8x12.jpg?strip=all 8w, https:\/\/eqvtarqd8nk.exactdn.com\/wp-content\/uploads\/2025\/07\/Clients_03-10-24_0535.jpg?strip=all 1280w, https:\/\/eqvtarqd8nk.exactdn.com\/wp-content\/uploads\/2025\/07\/Clients_03-10-24_0535.jpg?strip=all&amp;w=256 256w, https:\/\/eqvtarqd8nk.exactdn.com\/wp-content\/uploads\/2025\/07\/Clients_03-10-24_0535.jpg?strip=all&amp;w=512 512w, https:\/\/eqvtarqd8nk.exactdn.com\/wp-content\/uploads\/2025\/07\/Clients_03-10-24_0535.jpg?strip=all&amp;w=450 450w\" sizes=\"(max-width: 683px) 100vw, 683px\" \/><\/figure>\n\n\n\n<figure class=\"wp-block-image size-large is-style-default\"><img decoding=\"async\" width=\"1024\" height=\"640\" src=\"https:\/\/eqvtarqd8nk.exactdn.com\/wp-content\/uploads\/2025\/07\/DSC08953-1024x640.jpg?strip=all\" alt=\"\" class=\"wp-image-378\" srcset=\"https:\/\/eqvtarqd8nk.exactdn.com\/wp-content\/uploads\/2025\/07\/DSC08953-1024x640.jpg?strip=all 1024w, https:\/\/eqvtarqd8nk.exactdn.com\/wp-content\/uploads\/2025\/07\/DSC08953-300x188.jpg?strip=all 300w, https:\/\/eqvtarqd8nk.exactdn.com\/wp-content\/uploads\/2025\/07\/DSC08953-768x480.jpg?strip=all 768w, https:\/\/eqvtarqd8nk.exactdn.com\/wp-content\/uploads\/2025\/07\/DSC08953-1536x960.jpg?strip=all 1536w, https:\/\/eqvtarqd8nk.exactdn.com\/wp-content\/uploads\/2025\/07\/DSC08953-18x12.jpg?strip=all 18w, https:\/\/eqvtarqd8nk.exactdn.com\/wp-content\/uploads\/2025\/07\/DSC08953.jpg?strip=all 1920w, https:\/\/eqvtarqd8nk.exactdn.com\/wp-content\/uploads\/2025\/07\/DSC08953.jpg?strip=all&amp;w=384 384w, https:\/\/eqvtarqd8nk.exactdn.com\/wp-content\/uploads\/2025\/07\/DSC08953.jpg?strip=all&amp;w=1152 1152w, https:\/\/eqvtarqd8nk.exactdn.com\/wp-content\/uploads\/2025\/07\/DSC08953.jpg?strip=all&amp;w=450 450w\" sizes=\"(max-width: 1024px) 100vw, 1024px\" \/><\/figure>\n<\/div>\n<\/div>\n\n\n\n<div class=\"wp-block-column is-vertically-aligned-stretch has-global-padding is-layout-constrained wp-container-core-column-is-layout-fd0c4a93 wp-block-column-is-layout-constrained\" style=\"padding-top:var(--wp--preset--spacing--50);padding-right:var(--wp--preset--spacing--50);padding-bottom:var(--wp--preset--spacing--50);padding-left:var(--wp--preset--spacing--50)\">\n<div class=\"wp-block-group sticky is-layout-flow wp-block-group-is-layout-flow\" style=\"padding-top:var(--wp--preset--spacing--50);padding-right:0;padding-bottom:var(--wp--preset--spacing--50);padding-left:0\">\n\n<div class='fluentform ff-default fluentform_wrapper_5  ff_guten_block ff_guten_block-5 ffs_custom_wrap'><form data-form_id=\"5\" id=\"fluentform_5\" class=\"frm-fluent-form fluent_form_5 ff-el-form-top ff_form_instance_5_2 ff-form-loading ffs_custom\" data-form_instance=\"ff_form_instance_5_2\" method=\"POST\" data-turnstile_key=\"0x4AAAAAACXvXU_ItrmjrXoz\" ><fieldset  style=\"border: none!important;margin: 0!important;padding: 0!important;background-color: transparent!important;box-shadow: none!important;outline: none!important; min-inline-size: 100%;\">\n                    <legend class=\"ff_screen_reader_title\" style=\"display: block; margin: 0!important;padding: 0!important;height: 0!important;text-indent: -999999px;width: 0!important;overflow:hidden;\">Contactez-nous<\/legend><input type='hidden' name='__fluent_form_embded_post_id' value='68' \/><input type=\"hidden\" id=\"_fluentform_5_fluentformnonce\" name=\"_fluentform_5_fluentformnonce\" value=\"97ae0d9183\" \/><input type=\"hidden\" name=\"_wp_http_referer\" value=\"\/fr\/wp-json\/wp\/v2\/pages\/68\" \/><div data-type=\"name-element\" data-name=\"names\" class=\" ff-field_container ff-name-field-wrapper\" ><div class='ff-t-container'><div class='ff-t-cell '><div class='ff-el-group ff-el-form-top'><div class=\"ff-el-input--label ff-el-is-required asterisk-right\"><label for='ff_5_2_names_first_name_' id='label_ff_5_2_names_first_name_' >Pr\u00e9nom<\/label><\/div><div class='ff-el-input--content'><input type=\"text\" name=\"names[first_name]\" id=\"ff_5_2_names_first_name_\" class=\"ff-el-form-control\" placeholder=\"Votre pr\u00e9nom\" aria-invalid=\"false\" aria-required=true><\/div><\/div><\/div><div class='ff-t-cell '><div class='ff-el-group ff-el-form-top'><div class=\"ff-el-input--label ff-el-is-required asterisk-right\"><label for='ff_5_2_names_last_name_' id='label_ff_5_2_names_last_name_' >Nom<\/label><\/div><div class='ff-el-input--content'><input type=\"text\" name=\"names[last_name]\" id=\"ff_5_2_names_last_name_\" class=\"ff-el-form-control\" placeholder=\"Votre nom\" aria-invalid=\"false\" aria-required=true><\/div><\/div><\/div><\/div><\/div><div class='ff-el-group'><div class=\"ff-el-input--label ff-el-is-required asterisk-right\"><label for='ff_5_2_email' id='label_ff_5_2_email' aria-label=\"Courriel\">Courriel<\/label><\/div><div class='ff-el-input--content'><input type=\"email\" name=\"email\" id=\"ff_5_2_email\" class=\"ff-el-form-control\" placeholder=\"Votre adresse courriel\" data-name=\"email\"  aria-invalid=\"false\" aria-required=true><\/div><\/div><div class='ff-el-group'><div class=\"ff-el-input--label ff-el-is-required asterisk-right\"><label for='ff_5_2_phone' id='label_ff_5_2_phone' aria-label=\"Num\u00e9ro de t\u00e9l\u00e9phone\">Num\u00e9ro de t\u00e9l\u00e9phone<\/label><\/div><div class='ff-el-input--content'><input name=\"phone\" class=\"ff-el-form-control ff-el-phone ff_el_with_extended_validation\" type=\"tel\" placeholder=\"Votre num\u00e9ro de t\u00e9l\u00e9phone\" data-name=\"phone\" id=\"ff_5_2_phone\" inputmode=\"tel\"  aria-invalid='false' aria-required=true><\/div><\/div><div class='ff-el-group'><div class=\"ff-el-input--label ff-el-is-required asterisk-right\"><label for='ff_5_2_province' id='label_ff_5_2_province' aria-label=\"Province d&#039;int\u00e9r\u00eat\">Province d&#8217;int\u00e9r\u00eat<\/label><\/div><div class='ff-el-input--content'><select name=\"province\" id=\"ff_5_2_province\" class=\"ff-el-form-control\" data-name=\"province\" data-calc_value=\"0\"  aria-invalid=\"false\" aria-required=\"true\" aria-labelledby=\"label_ff_5_2_province\"><option value=\"\">&#8211; S\u00e9lectionner une province &#8211;<\/option><option value=\"Alberta\"  >Alberta<\/option><option value=\"Colombie-Britannique\"  >Colombie-Britannique<\/option><option value=\"Manitoba\"  >Manitoba<\/option><option value=\"Nouveau-Brunswick\"  >Nouveau-Brunswick<\/option><option value=\"Terre-Neuve-et-Labrador\"  >Terre-Neuve-et-Labrador<\/option><option value=\"Nouvelle-\u00c9cosse\"  >Nouvelle-\u00c9cosse<\/option><option value=\"Ontario\"  >Ontario<\/option><option value=\"\u00cele-du-Prince-\u00c9douard\"  >\u00cele-du-Prince-\u00c9douard<\/option><option value=\"Qu\u00e9bec\"  >Qu\u00e9bec<\/option><option value=\"Saskatchewan\"  >Saskatchewan<\/option><\/select><\/div><\/div><div class='ff-el-group has-conditions'><div class=\"ff-el-input--label asterisk-right\"><label for='ff_5_2_city' id='label_ff_5_2_city' aria-label=\"Ville d&#039;int\u00e9r\u00eat (facultatif)\">Ville d&#8217;int\u00e9r\u00eat (facultatif)<\/label><\/div><div class='ff-el-input--content'><input type=\"text\" name=\"city\" value=\"\" class=\"ff-el-form-control\" placeholder=\"Saisir une ville\" data-name=\"city\" id=\"ff_5_2_city\"  aria-invalid=\"false\" aria-required=false><\/div><\/div><div class='ff-el-group'><div class=\"ff-el-input--label ff-el-is-required asterisk-right\"><label for='ff_5_2_capital' id='label_ff_5_2_capital' aria-label=\"Quel montant \u00eates-vous pr\u00eat \u00e0 investir\u202f?\">Quel montant \u00eates-vous pr\u00eat \u00e0 investir\u202f?<\/label><\/div><div class='ff-el-input--content'><select name=\"capital\" id=\"ff_5_2_capital\" class=\"ff-el-form-control\" data-name=\"capital\" data-calc_value=\"0\"  aria-invalid=\"false\" aria-required=\"true\" aria-labelledby=\"label_ff_5_2_capital\"><option value=\"\">&#8211; Selectionner &#8211;<\/option><option value=\"moins de 100 000$\"  >moins de 100 000$<\/option><option value=\"100 000$ - 200 000$\"  >100 000$ &#8211; 200 000$<\/option><option value=\"200 000$ - 300 000$\"  >200 000$ &#8211; 300 000$<\/option><option value=\"300 000$ - 500 000$\"  >300 000$ &#8211; 500 000$<\/option><option value=\"500 000$+\"  >500 000$+<\/option><\/select><\/div><\/div><div class='ff-el-group    ff-el-input--content'><div class='ff-el-form-check ff-el-tc'><label aria-label='Terms and Conditions: J\u2019ai lu et j\u2019accepte la politique de confidentialit\u00e9 Contains 1 link. Use tab navigation to review.' class='ff-el-form-check-label ff_tc_label' for=privacy_policy_f60f6fc9b14652e948349adaf0b32378><span class='ff_tc_checkbox'><input type=\"checkbox\" name=\"privacy_policy\" class=\"ff-el-form-check-input ff_gdpr_field\" data-name=\"privacy_policy\" id=\"privacy_policy_f60f6fc9b14652e948349adaf0b32378\"  value='on' aria-invalid='false' aria-required=true><\/span> <div class='ff_t_c'>J\u2019ai lu et j\u2019accepte la <a href=\"\/privacy-policy\/\">politique de confidentialit\u00e9<\/a><\/div><\/label><\/div><\/div><div class='ff-el-group ' style='margin-bottom: 0;'><div class='ff-el-input--content'><div data-fluent_id='5' name='cf-turnstile-response'><div\n\t\tdata-sitekey='0x4AAAAAACXvXU_ItrmjrXoz'\n\t\tdata-theme='auto'\n\t\tid='fluentform-turnstile-5-2'\n\t\tclass='ff-el-turnstile cf-turnstile'\n\t\tdata-appearance='interaction-only'><\/div><\/div><\/div><\/div><div class='ff-el-group ff-text-left wp-block-button is-style-fill ff_submit_btn_wrapper ff_submit_btn_wrapper_custom'><button class=\"ff-btn ff-btn-submit ff-btn-md wp-block-button__link relative ff_btn_no_style\" type=\"submit\" name=\"custom_submit_button-5_1\" data-name=\"custom_submit_button-5_1\"  aria-label=\"Soumettre\">Soumettre<\/button><\/div><\/fieldset><\/form><div id='fluentform_5_errors' class='ff-errors-in-stack ff_form_instance_5_2 ff-form-loading_errors ff_form_instance_5_2_errors'><\/div><\/div>            <script type=\"text\/javascript\">\n                window.fluent_form_ff_form_instance_5_2 = {\"id\":\"5\",\"ajaxUrl\":\"https:\\\/\\\/www.corafranchise.com\\\/wp-admin\\\/admin-ajax.php\",\"settings\":{\"layout\":{\"labelPlacement\":\"top\",\"asteriskPlacement\":\"asterisk-right\",\"helpMessagePlacement\":\"with_label\",\"errorMessagePlacement\":\"inline\",\"cssClassName\":\"\"},\"restrictions\":{\"denyEmptySubmission\":{\"enabled\":false}}},\"form_instance\":\"ff_form_instance_5_2\",\"form_id_selector\":\"fluentform_5\",\"rules\":{\"names[first_name]\":{\"required\":{\"value\":true,\"message\":\"Please enter your first name.\",\"global\":false,\"global_message\":\"Ce champ est obligatoire\"}},\"names[middle_name]\":{\"required\":{\"value\":false,\"message\":\"This field is required\",\"global_message\":\"Ce champ est obligatoire\",\"global\":true}},\"names[last_name]\":{\"required\":{\"value\":true,\"message\":\"Please enter your last name.\",\"global\":false,\"global_message\":\"Ce champ est obligatoire\"}},\"email\":{\"required\":{\"value\":true,\"message\":\"Please enter your email address.\",\"global\":false,\"global_message\":\"Ce champ est obligatoire\"},\"email\":{\"value\":true,\"message\":\"Veuillez saisir votre adresse courriel\",\"global\":false,\"global_message\":\"Ce champ doit contenir un e-mail valide\"}},\"phone\":{\"required\":{\"value\":true,\"message\":\"Veuillez\",\"global\":false,\"global_message\":\"Ce champ est obligatoire\"},\"valid_phone_number\":{\"value\":true,\"message\":\"Please enter a valid phone number.\",\"global\":false,\"global_message\":\"Le num\\u00e9ro de t\\u00e9l\\u00e9phone est invalide\"}},\"province\":{\"required\":{\"value\":true,\"message\":\"Veuillez s\\u00e9lectionner une province.\",\"global\":false,\"global_message\":\"Ce champ est obligatoire\"}},\"city\":{\"required\":{\"value\":false,\"message\":\"Please enter your desired city.\",\"global\":false,\"global_message\":\"Ce champ est obligatoire\"}},\"capital\":{\"required\":{\"value\":true,\"message\":\"This field is required\",\"global_message\":\"Ce champ est obligatoire\",\"global\":true}},\"privacy_policy\":{\"required\":{\"value\":true,\"message\":\"Veuillez accepter la politique de confidentialit\\u00e9.\",\"global\":false,\"global_message\":\"Ce champ est obligatoire\"}},\"cf-turnstile-response\":[]},\"debounce_time\":300,\"conditionals\":{\"city\":{\"type\":\"any\",\"status\":true,\"conditions\":[{\"field\":\"province\",\"value\":\"\",\"operator\":\"!=\"}],\"condition_groups\":[{\"rules\":[{\"field\":\"\",\"value\":\"\",\"operator\":\"\"}],\"title\":\"\",\"isEditingTitle\":false,\"isPreviewOpen\":false,\"isGroupOpen\":true}]}}};\n                            <\/script>\n            <\/div>\n<\/div>\n<\/div>\n<\/section>\n","protected":false},"excerpt":{"rendered":"<p>Ready to own your own? Complete this form to start your franchise story today!<\/p>","protected":false},"author":1,"featured_media":0,"parent":0,"menu_order":0,"comment_status":"closed","ping_status":"closed","template":"","meta":{"_acf_changed":false,"footnotes":""},"class_list":["post-68","page","type-page","status-publish","hentry"],"acf":[],"_links":{"self":[{"href":"https:\/\/www.corafranchise.com\/fr\/wp-json\/wp\/v2\/pages\/68","targetHints":{"allow":["GET"]}}],"collection":[{"href":"https:\/\/www.corafranchise.com\/fr\/wp-json\/wp\/v2\/pages"}],"about":[{"href":"https:\/\/www.corafranchise.com\/fr\/wp-json\/wp\/v2\/types\/page"}],"author":[{"embeddable":true,"href":"https:\/\/www.corafranchise.com\/fr\/wp-json\/wp\/v2\/users\/1"}],"replies":[{"embeddable":true,"href":"https:\/\/www.corafranchise.com\/fr\/wp-json\/wp\/v2\/comments?post=68"}],"version-history":[{"count":53,"href":"https:\/\/www.corafranchise.com\/fr\/wp-json\/wp\/v2\/pages\/68\/revisions"}],"predecessor-version":[{"id":1465,"href":"https:\/\/www.corafranchise.com\/fr\/wp-json\/wp\/v2\/pages\/68\/revisions\/1465"}],"wp:attachment":[{"href":"https:\/\/www.corafranchise.com\/fr\/wp-json\/wp\/v2\/media?parent=68"}],"curies":[{"name":"wp","href":"https:\/\/api.w.org\/{rel}","templated":true}]}}